{"id":51,"date":"2014-07-04T10:26:37","date_gmt":"2014-07-04T08:26:37","guid":{"rendered":"http:\/\/leckerekekse.de\/wordpress\/?page_id=51"},"modified":"2018-04-27T16:47:08","modified_gmt":"2018-04-27T14:47:08","slug":"impressum","status":"publish","type":"page","link":"https:\/\/leckerekekse.de\/wordpress\/impressum\/","title":{"rendered":"Impressum"},"content":{"rendered":"<p>Astrid Meine<br \/>\nIm Dorfe 26<br \/>\n25462 Rellingen<br \/>\nTel.: 0 41 01 \/ 40 47 41<br \/>\nE-Mail: astrid(at)leckerekekse.de<\/p>\n<p>Silvia Walter<br \/>\nSportplatzstr. 73<br \/>\n51147 K\u00f6ln<br \/>\nTel.: 0 22 03 \/ 6 13 50<br \/>\nE-Mail: silvia(at)leckerekekse.de<\/p>\n<p>Inhaltlich verantwortlich gem\u00e4\u00df \u00a7 5 TMG:<br \/>\nAstrid Meine<\/p>\n<p>Rechtlicher Hinweis: Die hier vorliegenden Texte, Illustrationen und Fotos sind urheberrechtlich gesch\u00fctzt und nicht zur Fremd\u00adver\u00adwendung frei\u00adge\u00adgeben. Sie zu kopieren ist nicht erlaubt, sie ander\u00adweitig zu ver\u00adwenden erfordert eine aus\u00addr\u00fcck\u00adliche Erlaub\u00adnis.<\/p>\n<p>Fotos: Astrid Meine, Silvia Walter<\/p>\n<p>Haftungshinweis: Trotz sorgf\u00e4ltiger inhaltlicher Kontrolle \u00fcbernehmen wir keine Haftung f\u00fcr die Inhalte externer Links. F\u00fcr den Inhalt der verlinkten Seiten sind ausschlie\u00dflich deren Betreiber verantwortlich.<\/p>\n<h6>Rezensionsexemplare<\/h6>\n<p>Bitte nehmen Sie mit uns Kontakt auf, bevor Sie uns unangeforderte Rezensionsexemplare zusenden. Wir k\u00f6nnen leider nicht jedes Buch lesen, da auch unser Tag nur 24 Stunden hat. Bei Rezensionsexemplaren, die wir nicht angefordert haben, k\u00f6nnen wir nicht versprechen, dass diese von uns rezensiert werden.<\/p>\n<h6>Datenschutzerkl\u00e4rung<\/h6>\n<p>Lesen Sie bitte auch unsere <a href=\"https:\/\/leckerekekse.de\/wordpress\/datenschutzerklaerung\/\">Datenschutzerkl\u00e4rung<\/a><\/p>\n<p>&nbsp;<\/p>\n<p>&nbsp;<\/p>\n","protected":false},"excerpt":{"rendered":"<p>Astrid Meine Im Dorfe 26 25462 Rellingen Tel.: 0 41 01 \/ 40 47 41 E-Mail: astrid(at)leckerekekse.de Silvia Walter Sportplatzstr. 73 51147 K\u00f6ln Tel.: 0 22 03 \/ 6 13 50 E-Mail: silvia(at)leckerekekse.de Inhaltlich verantwortlich gem\u00e4\u00df \u00a7 5 TMG: Astrid Meine Rechtlicher Hinweis: Die hier vorliegenden Texte, Illustrationen und Fotos sind urheberrechtlich gesch\u00fctzt und nicht [&hellip;]<\/p>\n","protected":false},"author":1,"featured_media":0,"parent":0,"menu_order":0,"comment_status":"closed","ping_status":"closed","template":"","meta":{"footnotes":""},"class_list":["post-51","page","type-page","status-publish","hentry"],"yoast_head":"<!-- This site is optimized with the Yoast SEO plugin v27.3 - https:\/\/yoast.com\/product\/yoast-seo-wordpress\/ -->\n<title>Impressum | Leckere Kekse &amp; mehr<\/title>\n<meta name=\"robots\" content=\"index, follow, max-snippet:-1, max-image-preview:large, max-video-preview:-1\" \/>\n<link rel=\"canonical\" href=\"https:\/\/leckerekekse.de\/wordpress\/impressum\/\" \/>\n<meta property=\"og:locale\" content=\"de_DE\" \/>\n<meta property=\"og:type\" content=\"article\" \/>\n<meta property=\"og:title\" content=\"Impressum | Leckere Kekse &amp; mehr\" \/>\n<meta property=\"og:description\" content=\"Astrid Meine Im Dorfe 26 25462 Rellingen Tel.: 0 41 01 \/ 40 47 41 E-Mail: astrid(at)leckerekekse.de Silvia Walter Sportplatzstr. 73 51147 K\u00f6ln Tel.: 0 22 03 \/ 6 13 50 E-Mail: silvia(at)leckerekekse.de Inhaltlich verantwortlich gem\u00e4\u00df \u00a7 5 TMG: Astrid Meine Rechtlicher Hinweis: Die hier vorliegenden Texte, Illustrationen und Fotos sind urheberrechtlich gesch\u00fctzt und nicht [&hellip;]\" \/>\n<meta property=\"og:url\" content=\"https:\/\/leckerekekse.de\/wordpress\/impressum\/\" \/>\n<meta property=\"og:site_name\" content=\"Leckere Kekse &amp; mehr\" \/>\n<meta property=\"article:modified_time\" content=\"2018-04-27T14:47:08+00:00\" \/>\n<meta name=\"twitter:label1\" content=\"Gesch\u00e4tzte Lesezeit\" \/>\n\t<meta name=\"twitter:data1\" content=\"1\u00a0Minute\" \/>\n<script type=\"application\/ld+json\" class=\"yoast-schema-graph\">{\"@context\":\"https:\\\/\\\/schema.org\",\"@graph\":[{\"@type\":\"WebPage\",\"@id\":\"https:\\\/\\\/leckerekekse.de\\\/wordpress\\\/impressum\\\/\",\"url\":\"https:\\\/\\\/leckerekekse.de\\\/wordpress\\\/impressum\\\/\",\"name\":\"Impressum | Leckere Kekse &amp; mehr\",\"isPartOf\":{\"@id\":\"https:\\\/\\\/leckerekekse.de\\\/wordpress\\\/#website\"},\"datePublished\":\"2014-07-04T08:26:37+00:00\",\"dateModified\":\"2018-04-27T14:47:08+00:00\",\"breadcrumb\":{\"@id\":\"https:\\\/\\\/leckerekekse.de\\\/wordpress\\\/impressum\\\/#breadcrumb\"},\"inLanguage\":\"de\",\"potentialAction\":[{\"@type\":\"ReadAction\",\"target\":[\"https:\\\/\\\/leckerekekse.de\\\/wordpress\\\/impressum\\\/\"]}]},{\"@type\":\"BreadcrumbList\",\"@id\":\"https:\\\/\\\/leckerekekse.de\\\/wordpress\\\/impressum\\\/#breadcrumb\",\"itemListElement\":[{\"@type\":\"ListItem\",\"position\":1,\"name\":\"Home\",\"item\":\"https:\\\/\\\/leckerekekse.de\\\/wordpress\\\/\"},{\"@type\":\"ListItem\",\"position\":2,\"name\":\"Impressum\"}]},{\"@type\":\"WebSite\",\"@id\":\"https:\\\/\\\/leckerekekse.de\\\/wordpress\\\/#website\",\"url\":\"https:\\\/\\\/leckerekekse.de\\\/wordpress\\\/\",\"name\":\"Leckere Kekse &amp; mehr\",\"description\":\"Kekse backen, B\u00fccher lesen und mehr\",\"publisher\":{\"@id\":\"https:\\\/\\\/leckerekekse.de\\\/wordpress\\\/#\\\/schema\\\/person\\\/2810405561c2dd9a39e8b0d67212f802\"},\"potentialAction\":[{\"@type\":\"SearchAction\",\"target\":{\"@type\":\"EntryPoint\",\"urlTemplate\":\"https:\\\/\\\/leckerekekse.de\\\/wordpress\\\/?s={search_term_string}\"},\"query-input\":{\"@type\":\"PropertyValueSpecification\",\"valueRequired\":true,\"valueName\":\"search_term_string\"}}],\"inLanguage\":\"de\"},{\"@type\":[\"Person\",\"Organization\"],\"@id\":\"https:\\\/\\\/leckerekekse.de\\\/wordpress\\\/#\\\/schema\\\/person\\\/2810405561c2dd9a39e8b0d67212f802\",\"name\":\"Astrid\",\"logo\":{\"@id\":\"https:\\\/\\\/leckerekekse.de\\\/wordpress\\\/#\\\/schema\\\/person\\\/image\\\/\"},\"sameAs\":[\"https:\\\/\\\/leckerekekse.de\\\/wordpress\"]}]}<\/script>\n<!-- \/ Yoast SEO plugin. -->","yoast_head_json":{"title":"Impressum | Leckere Kekse &amp; mehr","robots":{"index":"index","follow":"follow","max-snippet":"max-snippet:-1","max-image-preview":"max-image-preview:large","max-video-preview":"max-video-preview:-1"},"canonical":"https:\/\/leckerekekse.de\/wordpress\/impressum\/","og_locale":"de_DE","og_type":"article","og_title":"Impressum | Leckere Kekse &amp; mehr","og_description":"Astrid Meine Im Dorfe 26 25462 Rellingen Tel.: 0 41 01 \/ 40 47 41 E-Mail: astrid(at)leckerekekse.de Silvia Walter Sportplatzstr. 73 51147 K\u00f6ln Tel.: 0 22 03 \/ 6 13 50 E-Mail: silvia(at)leckerekekse.de Inhaltlich verantwortlich gem\u00e4\u00df \u00a7 5 TMG: Astrid Meine Rechtlicher Hinweis: Die hier vorliegenden Texte, Illustrationen und Fotos sind urheberrechtlich gesch\u00fctzt und nicht [&hellip;]","og_url":"https:\/\/leckerekekse.de\/wordpress\/impressum\/","og_site_name":"Leckere Kekse &amp; mehr","article_modified_time":"2018-04-27T14:47:08+00:00","twitter_misc":{"Gesch\u00e4tzte Lesezeit":"1\u00a0Minute"},"schema":{"@context":"https:\/\/schema.org","@graph":[{"@type":"WebPage","@id":"https:\/\/leckerekekse.de\/wordpress\/impressum\/","url":"https:\/\/leckerekekse.de\/wordpress\/impressum\/","name":"Impressum | Leckere Kekse &amp; mehr","isPartOf":{"@id":"https:\/\/leckerekekse.de\/wordpress\/#website"},"datePublished":"2014-07-04T08:26:37+00:00","dateModified":"2018-04-27T14:47:08+00:00","breadcrumb":{"@id":"https:\/\/leckerekekse.de\/wordpress\/impressum\/#breadcrumb"},"inLanguage":"de","potentialAction":[{"@type":"ReadAction","target":["https:\/\/leckerekekse.de\/wordpress\/impressum\/"]}]},{"@type":"BreadcrumbList","@id":"https:\/\/leckerekekse.de\/wordpress\/impressum\/#breadcrumb","itemListElement":[{"@type":"ListItem","position":1,"name":"Home","item":"https:\/\/leckerekekse.de\/wordpress\/"},{"@type":"ListItem","position":2,"name":"Impressum"}]},{"@type":"WebSite","@id":"https:\/\/leckerekekse.de\/wordpress\/#website","url":"https:\/\/leckerekekse.de\/wordpress\/","name":"Leckere Kekse &amp; mehr","description":"Kekse backen, B\u00fccher lesen und mehr","publisher":{"@id":"https:\/\/leckerekekse.de\/wordpress\/#\/schema\/person\/2810405561c2dd9a39e8b0d67212f802"},"potentialAction":[{"@type":"SearchAction","target":{"@type":"EntryPoint","urlTemplate":"https:\/\/leckerekekse.de\/wordpress\/?s={search_term_string}"},"query-input":{"@type":"PropertyValueSpecification","valueRequired":true,"valueName":"search_term_string"}}],"inLanguage":"de"},{"@type":["Person","Organization"],"@id":"https:\/\/leckerekekse.de\/wordpress\/#\/schema\/person\/2810405561c2dd9a39e8b0d67212f802","name":"Astrid","logo":{"@id":"https:\/\/leckerekekse.de\/wordpress\/#\/schema\/person\/image\/"},"sameAs":["https:\/\/leckerekekse.de\/wordpress"]}]}},"_links":{"self":[{"href":"https:\/\/leckerekekse.de\/wordpress\/wp-json\/wp\/v2\/pages\/51","targetHints":{"allow":["GET"]}}],"collection":[{"href":"https:\/\/leckerekekse.de\/wordpress\/wp-json\/wp\/v2\/pages"}],"about":[{"href":"https:\/\/leckerekekse.de\/wordpress\/wp-json\/wp\/v2\/types\/page"}],"author":[{"embeddable":true,"href":"https:\/\/leckerekekse.de\/wordpress\/wp-json\/wp\/v2\/users\/1"}],"replies":[{"embeddable":true,"href":"https:\/\/leckerekekse.de\/wordpress\/wp-json\/wp\/v2\/comments?post=51"}],"version-history":[{"count":5,"href":"https:\/\/leckerekekse.de\/wordpress\/wp-json\/wp\/v2\/pages\/51\/revisions"}],"predecessor-version":[{"id":11433,"href":"https:\/\/leckerekekse.de\/wordpress\/wp-json\/wp\/v2\/pages\/51\/revisions\/11433"}],"wp:attachment":[{"href":"https:\/\/leckerekekse.de\/wordpress\/wp-json\/wp\/v2\/media?parent=51"}],"curies":[{"name":"wp","href":"https:\/\/api.w.org\/{rel}","templated":true}]}}