{"id":7634,"date":"2017-02-02T17:03:23","date_gmt":"2017-02-02T16:03:23","guid":{"rendered":"http:\/\/leckerekekse.de\/wordpress\/?page_id=7634"},"modified":"2017-04-05T09:34:35","modified_gmt":"2017-04-05T07:34:35","slug":"buchtipps","status":"publish","type":"page","link":"https:\/\/leckerekekse.de\/wordpress\/buchtipps\/","title":{"rendered":"Buchtipps"},"content":{"rendered":"<h3>Beitr\u00e4ge mit Lesetipps zu bestimmten Themen<\/h3>\n<blockquote data-secret=\"PtAdBJRVhj\" class=\"wp-embedded-content\"><p><a href=\"https:\/\/leckerekekse.de\/wordpress\/typografieliebe-und-lust-auf-handlettering\/\">Typografieliebe und Lust auf Handlettering<\/a><\/p><\/blockquote>\n<p><iframe loading=\"lazy\" class=\"wp-embedded-content\" sandbox=\"allow-scripts\" security=\"restricted\" style=\"position: absolute; clip: rect(1px, 1px, 1px, 1px);\" src=\"https:\/\/leckerekekse.de\/wordpress\/typografieliebe-und-lust-auf-handlettering\/embed\/#?secret=PtAdBJRVhj\" data-secret=\"PtAdBJRVhj\" width=\"600\" height=\"338\" title=\"&#8222;Typografieliebe und Lust auf Handlettering&#8220; &#8212; Leckere Kekse &amp; mehr\" frameborder=\"0\" marginwidth=\"0\" marginheight=\"0\" scrolling=\"no\"><\/iframe><\/p>\n<p>&nbsp;<\/p>\n<blockquote data-secret=\"mIyYlGtguJ\" class=\"wp-embedded-content\"><p><a href=\"https:\/\/leckerekekse.de\/wordpress\/viva-mexico\/\">\u00a1Viva M\u00e9xico!<\/a><\/p><\/blockquote>\n<p><iframe loading=\"lazy\" class=\"wp-embedded-content\" sandbox=\"allow-scripts\" security=\"restricted\" style=\"position: absolute; clip: rect(1px, 1px, 1px, 1px);\" src=\"https:\/\/leckerekekse.de\/wordpress\/viva-mexico\/embed\/#?secret=mIyYlGtguJ\" data-secret=\"mIyYlGtguJ\" width=\"600\" height=\"338\" title=\"&#8222;\u00a1Viva M\u00e9xico!&#8220; &#8212; Leckere Kekse &amp; mehr\" frameborder=\"0\" marginwidth=\"0\" marginheight=\"0\" scrolling=\"no\"><\/iframe><\/p>\n<blockquote data-secret=\"cWDaf5tz7Z\" class=\"wp-embedded-content\"><p><a href=\"https:\/\/leckerekekse.de\/wordpress\/gastland-niederlande-und-flandern\/\">Gastland Niederlande und Flandern<\/a><\/p><\/blockquote>\n<p><iframe loading=\"lazy\" class=\"wp-embedded-content\" sandbox=\"allow-scripts\" security=\"restricted\" style=\"position: absolute; clip: rect(1px, 1px, 1px, 1px);\" src=\"https:\/\/leckerekekse.de\/wordpress\/gastland-niederlande-und-flandern\/embed\/#?secret=cWDaf5tz7Z\" data-secret=\"cWDaf5tz7Z\" width=\"600\" height=\"338\" title=\"&#8222;Gastland Niederlande und Flandern&#8220; &#8212; Leckere Kekse &amp; mehr\" frameborder=\"0\" marginwidth=\"0\" marginheight=\"0\" scrolling=\"no\"><\/iframe><\/p>\n<blockquote data-secret=\"oreOwaQ6Ho\" class=\"wp-embedded-content\"><p><a href=\"https:\/\/leckerekekse.de\/wordpress\/demenz-weltalzheimer-tag\/\">Themen-Lesen: Demenz<\/a><\/p><\/blockquote>\n<p><iframe loading=\"lazy\" class=\"wp-embedded-content\" sandbox=\"allow-scripts\" security=\"restricted\" style=\"position: absolute; clip: rect(1px, 1px, 1px, 1px);\" src=\"https:\/\/leckerekekse.de\/wordpress\/demenz-weltalzheimer-tag\/embed\/#?secret=oreOwaQ6Ho\" data-secret=\"oreOwaQ6Ho\" width=\"600\" height=\"338\" title=\"&#8222;Themen-Lesen: Demenz&#8220; &#8212; Leckere Kekse &amp; mehr\" frameborder=\"0\" marginwidth=\"0\" marginheight=\"0\" scrolling=\"no\"><\/iframe><\/p>\n<blockquote data-secret=\"Yl9u8ArJ6S\" class=\"wp-embedded-content\"><p><a href=\"https:\/\/leckerekekse.de\/wordpress\/fussballbuecher\/\">Fu\u00dfballb\u00fccher<\/a><\/p><\/blockquote>\n<p><iframe loading=\"lazy\" class=\"wp-embedded-content\" sandbox=\"allow-scripts\" security=\"restricted\" style=\"position: absolute; clip: rect(1px, 1px, 1px, 1px);\" src=\"https:\/\/leckerekekse.de\/wordpress\/fussballbuecher\/embed\/#?secret=Yl9u8ArJ6S\" data-secret=\"Yl9u8ArJ6S\" width=\"600\" height=\"338\" title=\"&#8222;Fu\u00dfballb\u00fccher&#8220; &#8212; Leckere Kekse &amp; mehr\" frameborder=\"0\" marginwidth=\"0\" marginheight=\"0\" scrolling=\"no\"><\/iframe><\/p>\n<p>&nbsp;<\/p>\n","protected":false},"excerpt":{"rendered":"<p>Beitr\u00e4ge mit Lesetipps zu bestimmten Themen Typografieliebe und Lust auf Handlettering &nbsp; \u00a1Viva M\u00e9xico! Gastland Niederlande und Flandern Themen-Lesen: Demenz Fu\u00dfballb\u00fccher &nbsp;<\/p>\n","protected":false},"author":1,"featured_media":0,"parent":0,"menu_order":0,"comment_status":"closed","ping_status":"closed","template":"","meta":{"footnotes":""},"class_list":["post-7634","page","type-page","status-publish","hentry"],"yoast_head":"<!-- This site is optimized with the Yoast SEO plugin v27.3 - https:\/\/yoast.com\/product\/yoast-seo-wordpress\/ -->\n<title>Buchtipps | Leckere Kekse &amp; mehr<\/title>\n<meta name=\"description\" content=\"Unsere beitr\u00e4ge mit B\u00fcchern zu bestimmten Themen. Zum Beispiel Hobbies, L\u00e4nder oder andere Themen zu denen wir eine Auswahl B\u00fccher zusammengefasst haben.\" \/>\n<meta name=\"robots\" content=\"index, follow, max-snippet:-1, max-image-preview:large, max-video-preview:-1\" \/>\n<link rel=\"canonical\" href=\"https:\/\/leckerekekse.de\/wordpress\/buchtipps\/\" \/>\n<meta property=\"og:locale\" content=\"de_DE\" \/>\n<meta property=\"og:type\" content=\"article\" \/>\n<meta property=\"og:title\" content=\"Buchtipps | Leckere Kekse &amp; mehr\" \/>\n<meta property=\"og:description\" content=\"Unsere beitr\u00e4ge mit B\u00fcchern zu bestimmten Themen. Zum Beispiel Hobbies, L\u00e4nder oder andere Themen zu denen wir eine Auswahl B\u00fccher zusammengefasst haben.\" \/>\n<meta property=\"og:url\" content=\"https:\/\/leckerekekse.de\/wordpress\/buchtipps\/\" \/>\n<meta property=\"og:site_name\" content=\"Leckere Kekse &amp; mehr\" \/>\n<meta property=\"article:modified_time\" content=\"2017-04-05T07:34:35+00:00\" \/>\n<script type=\"application\/ld+json\" class=\"yoast-schema-graph\">{\"@context\":\"https:\\\/\\\/schema.org\",\"@graph\":[{\"@type\":\"WebPage\",\"@id\":\"https:\\\/\\\/leckerekekse.de\\\/wordpress\\\/buchtipps\\\/\",\"url\":\"https:\\\/\\\/leckerekekse.de\\\/wordpress\\\/buchtipps\\\/\",\"name\":\"Buchtipps | Leckere Kekse &amp; mehr\",\"isPartOf\":{\"@id\":\"https:\\\/\\\/leckerekekse.de\\\/wordpress\\\/#website\"},\"datePublished\":\"2017-02-02T16:03:23+00:00\",\"dateModified\":\"2017-04-05T07:34:35+00:00\",\"description\":\"Unsere beitr\u00e4ge mit B\u00fcchern zu bestimmten Themen. Zum Beispiel Hobbies, L\u00e4nder oder andere Themen zu denen wir eine Auswahl B\u00fccher zusammengefasst haben.\",\"breadcrumb\":{\"@id\":\"https:\\\/\\\/leckerekekse.de\\\/wordpress\\\/buchtipps\\\/#breadcrumb\"},\"inLanguage\":\"de\",\"potentialAction\":[{\"@type\":\"ReadAction\",\"target\":[\"https:\\\/\\\/leckerekekse.de\\\/wordpress\\\/buchtipps\\\/\"]}]},{\"@type\":\"BreadcrumbList\",\"@id\":\"https:\\\/\\\/leckerekekse.de\\\/wordpress\\\/buchtipps\\\/#breadcrumb\",\"itemListElement\":[{\"@type\":\"ListItem\",\"position\":1,\"name\":\"Home\",\"item\":\"https:\\\/\\\/leckerekekse.de\\\/wordpress\\\/\"},{\"@type\":\"ListItem\",\"position\":2,\"name\":\"Buchtipps\"}]},{\"@type\":\"WebSite\",\"@id\":\"https:\\\/\\\/leckerekekse.de\\\/wordpress\\\/#website\",\"url\":\"https:\\\/\\\/leckerekekse.de\\\/wordpress\\\/\",\"name\":\"Leckere Kekse &amp; mehr\",\"description\":\"Kekse backen, B\u00fccher lesen und mehr\",\"publisher\":{\"@id\":\"https:\\\/\\\/leckerekekse.de\\\/wordpress\\\/#\\\/schema\\\/person\\\/2810405561c2dd9a39e8b0d67212f802\"},\"potentialAction\":[{\"@type\":\"SearchAction\",\"target\":{\"@type\":\"EntryPoint\",\"urlTemplate\":\"https:\\\/\\\/leckerekekse.de\\\/wordpress\\\/?s={search_term_string}\"},\"query-input\":{\"@type\":\"PropertyValueSpecification\",\"valueRequired\":true,\"valueName\":\"search_term_string\"}}],\"inLanguage\":\"de\"},{\"@type\":[\"Person\",\"Organization\"],\"@id\":\"https:\\\/\\\/leckerekekse.de\\\/wordpress\\\/#\\\/schema\\\/person\\\/2810405561c2dd9a39e8b0d67212f802\",\"name\":\"Astrid\",\"logo\":{\"@id\":\"https:\\\/\\\/leckerekekse.de\\\/wordpress\\\/#\\\/schema\\\/person\\\/image\\\/\"},\"sameAs\":[\"https:\\\/\\\/leckerekekse.de\\\/wordpress\"]}]}<\/script>\n<!-- \/ Yoast SEO plugin. -->","yoast_head_json":{"title":"Buchtipps | Leckere Kekse &amp; mehr","description":"Unsere beitr\u00e4ge mit B\u00fcchern zu bestimmten Themen. Zum Beispiel Hobbies, L\u00e4nder oder andere Themen zu denen wir eine Auswahl B\u00fccher zusammengefasst haben.","robots":{"index":"index","follow":"follow","max-snippet":"max-snippet:-1","max-image-preview":"max-image-preview:large","max-video-preview":"max-video-preview:-1"},"canonical":"https:\/\/leckerekekse.de\/wordpress\/buchtipps\/","og_locale":"de_DE","og_type":"article","og_title":"Buchtipps | Leckere Kekse &amp; mehr","og_description":"Unsere beitr\u00e4ge mit B\u00fcchern zu bestimmten Themen. Zum Beispiel Hobbies, L\u00e4nder oder andere Themen zu denen wir eine Auswahl B\u00fccher zusammengefasst haben.","og_url":"https:\/\/leckerekekse.de\/wordpress\/buchtipps\/","og_site_name":"Leckere Kekse &amp; mehr","article_modified_time":"2017-04-05T07:34:35+00:00","schema":{"@context":"https:\/\/schema.org","@graph":[{"@type":"WebPage","@id":"https:\/\/leckerekekse.de\/wordpress\/buchtipps\/","url":"https:\/\/leckerekekse.de\/wordpress\/buchtipps\/","name":"Buchtipps | Leckere Kekse &amp; mehr","isPartOf":{"@id":"https:\/\/leckerekekse.de\/wordpress\/#website"},"datePublished":"2017-02-02T16:03:23+00:00","dateModified":"2017-04-05T07:34:35+00:00","description":"Unsere beitr\u00e4ge mit B\u00fcchern zu bestimmten Themen. Zum Beispiel Hobbies, L\u00e4nder oder andere Themen zu denen wir eine Auswahl B\u00fccher zusammengefasst haben.","breadcrumb":{"@id":"https:\/\/leckerekekse.de\/wordpress\/buchtipps\/#breadcrumb"},"inLanguage":"de","potentialAction":[{"@type":"ReadAction","target":["https:\/\/leckerekekse.de\/wordpress\/buchtipps\/"]}]},{"@type":"BreadcrumbList","@id":"https:\/\/leckerekekse.de\/wordpress\/buchtipps\/#breadcrumb","itemListElement":[{"@type":"ListItem","position":1,"name":"Home","item":"https:\/\/leckerekekse.de\/wordpress\/"},{"@type":"ListItem","position":2,"name":"Buchtipps"}]},{"@type":"WebSite","@id":"https:\/\/leckerekekse.de\/wordpress\/#website","url":"https:\/\/leckerekekse.de\/wordpress\/","name":"Leckere Kekse &amp; mehr","description":"Kekse backen, B\u00fccher lesen und mehr","publisher":{"@id":"https:\/\/leckerekekse.de\/wordpress\/#\/schema\/person\/2810405561c2dd9a39e8b0d67212f802"},"potentialAction":[{"@type":"SearchAction","target":{"@type":"EntryPoint","urlTemplate":"https:\/\/leckerekekse.de\/wordpress\/?s={search_term_string}"},"query-input":{"@type":"PropertyValueSpecification","valueRequired":true,"valueName":"search_term_string"}}],"inLanguage":"de"},{"@type":["Person","Organization"],"@id":"https:\/\/leckerekekse.de\/wordpress\/#\/schema\/person\/2810405561c2dd9a39e8b0d67212f802","name":"Astrid","logo":{"@id":"https:\/\/leckerekekse.de\/wordpress\/#\/schema\/person\/image\/"},"sameAs":["https:\/\/leckerekekse.de\/wordpress"]}]}},"_links":{"self":[{"href":"https:\/\/leckerekekse.de\/wordpress\/wp-json\/wp\/v2\/pages\/7634","targetHints":{"allow":["GET"]}}],"collection":[{"href":"https:\/\/leckerekekse.de\/wordpress\/wp-json\/wp\/v2\/pages"}],"about":[{"href":"https:\/\/leckerekekse.de\/wordpress\/wp-json\/wp\/v2\/types\/page"}],"author":[{"embeddable":true,"href":"https:\/\/leckerekekse.de\/wordpress\/wp-json\/wp\/v2\/users\/1"}],"replies":[{"embeddable":true,"href":"https:\/\/leckerekekse.de\/wordpress\/wp-json\/wp\/v2\/comments?post=7634"}],"version-history":[{"count":3,"href":"https:\/\/leckerekekse.de\/wordpress\/wp-json\/wp\/v2\/pages\/7634\/revisions"}],"predecessor-version":[{"id":8714,"href":"https:\/\/leckerekekse.de\/wordpress\/wp-json\/wp\/v2\/pages\/7634\/revisions\/8714"}],"wp:attachment":[{"href":"https:\/\/leckerekekse.de\/wordpress\/wp-json\/wp\/v2\/media?parent=7634"}],"curies":[{"name":"wp","href":"https:\/\/api.w.org\/{rel}","templated":true}]}}