{"id":8015,"date":"2017-02-02T16:53:32","date_gmt":"2017-02-02T15:53:32","guid":{"rendered":"http:\/\/leckerekekse.de\/wordpress\/?page_id=8015"},"modified":"2017-10-24T20:30:47","modified_gmt":"2017-10-24T18:30:47","slug":"backbuecher","status":"publish","type":"page","link":"https:\/\/leckerekekse.de\/wordpress\/backbuecher\/","title":{"rendered":"Backb\u00fccher"},"content":{"rendered":"<h3>Backb\u00fccher, f\u00fcr euch getestet:<\/h3>\n<p><strong>\u00a0<\/strong><\/p>\n<p><a title=\"Schnelle Kekse: Backen f\u00fcr Eilige\" href=\"https:\/\/leckerekekse.de\/wordpress\/schnelle-kekse-backen-fuer-eilige\/\" target=\"_blank\" rel=\"noopener\"><img loading=\"lazy\" decoding=\"async\" class=\"alignleft wp-image-620 size-thumbnail\" src=\"https:\/\/leckerekekse.de\/wordpress\/wp-content\/uploads\/2014\/10\/Schnelle-Kekse-150x150.jpg\" alt=\"Buch: Schnelle Kekse\" width=\"150\" height=\"150\" srcset=\"https:\/\/leckerekekse.de\/wordpress\/wp-content\/uploads\/2014\/10\/Schnelle-Kekse-150x150.jpg 150w, https:\/\/leckerekekse.de\/wordpress\/wp-content\/uploads\/2014\/10\/Schnelle-Kekse-144x144.jpg 144w\" sizes=\"auto, (max-width: 150px) 100vw, 150px\" \/><\/a><\/p>\n<p><a title=\"Zwergenst\u00fcbchen Weihnachtsb\u00e4ckerei\" href=\"https:\/\/leckerekekse.de\/wordpress\/zwergenstuebchen-weihnachtsbaeckerei\/\"><img loading=\"lazy\" decoding=\"async\" class=\"alignleft size-full wp-image-954\" src=\"https:\/\/leckerekekse.de\/wordpress\/wp-content\/uploads\/2014\/10\/Zwergenbuch-weihnachtsbaeckerei-cover.jpg\" alt=\"Zwergenbuch-weihnachtsbaeckerei-cover\" width=\"150\" height=\"150\" \/><\/a><\/p>\n<p><a href=\"https:\/\/leckerekekse.de\/wordpress\/rezension-geschenke-aus-meiner-backstube\/\"><img loading=\"lazy\" decoding=\"async\" class=\"alignleft wp-image-9446 size-thumbnail\" src=\"https:\/\/leckerekekse.de\/wordpress\/wp-content\/uploads\/2017\/07\/Geschenke-aus-meiner-Backstube-150x150.jpg\" alt=\"Geschenke aus meiner Backstube\" width=\"150\" height=\"150\" srcset=\"https:\/\/leckerekekse.de\/wordpress\/wp-content\/uploads\/2017\/07\/Geschenke-aus-meiner-Backstube-150x150.jpg 150w, https:\/\/leckerekekse.de\/wordpress\/wp-content\/uploads\/2017\/07\/Geschenke-aus-meiner-Backstube-144x144.jpg 144w, https:\/\/leckerekekse.de\/wordpress\/wp-content\/uploads\/2017\/07\/Geschenke-aus-meiner-Backstube-120x120.jpg 120w\" sizes=\"auto, (max-width: 150px) 100vw, 150px\" \/><\/a><\/p>\n<p><a title=\"Zwergenst\u00fcbchen: Pl\u00e4tzchen\" href=\"https:\/\/leckerekekse.de\/wordpress\/zwergenstuebchen-plaetzchen\/\"><img loading=\"lazy\" decoding=\"async\" class=\"alignleft wp-image-1043 size-thumbnail\" src=\"https:\/\/leckerekekse.de\/wordpress\/wp-content\/uploads\/2014\/11\/Zwergenst\u00fcbchen-150x150.jpg\" alt=\"\" width=\"150\" height=\"150\" srcset=\"https:\/\/leckerekekse.de\/wordpress\/wp-content\/uploads\/2014\/11\/Zwergenst\u00fcbchen-150x150.jpg 150w, https:\/\/leckerekekse.de\/wordpress\/wp-content\/uploads\/2014\/11\/Zwergenst\u00fcbchen-144x144.jpg 144w\" sizes=\"auto, (max-width: 150px) 100vw, 150px\" \/><\/a><a href=\"https:\/\/leckerekekse.de\/wordpress\/backen-fuer-advent-und-weihnachten\/\" target=\"_blank\" rel=\"noopener\"><img loading=\"lazy\" decoding=\"async\" class=\"alignleft wp-image-869 size-thumbnail\" src=\"https:\/\/leckerekekse.de\/wordpress\/wp-content\/uploads\/2014\/11\/cover-backen-advent-nuesse-150x150.jpg\" alt=\"cover-backen-advent-nuesse\" width=\"150\" height=\"150\" \/><\/a><\/p>\n<p><a title=\"Schnelle Kekse: Backen f\u00fcr Eilige\" href=\"https:\/\/leckerekekse.de\/wordpress\/johanna-aust-die-besten-weihnachtskekse\/\" target=\"_blank\" rel=\"noopener\"><img loading=\"lazy\" decoding=\"async\" class=\"alignleft wp-image-970 size-thumbnail\" src=\"https:\/\/leckerekekse.de\/wordpress\/wp-content\/uploads\/2014\/11\/Weihnachtskekse-150x150.jpg\" alt=\"Die besten Weihnachtskekse\" width=\"150\" height=\"150\" \/><\/a><a title=\"Julia &amp; Sonja Wojta: Cake Pop Bakery\" href=\"https:\/\/leckerekekse.de\/wordpress\/julia-sonja-wojta-cake-pop-bakery\/\" target=\"_blank\" rel=\"noopener\"><img loading=\"lazy\" decoding=\"async\" class=\"alignleft wp-image-1779 size-thumbnail\" src=\"https:\/\/leckerekekse.de\/wordpress\/wp-content\/uploads\/2015\/02\/cakepopbakery-juliawojta1-150x150.jpg\" alt=\"cakepopbakery-juliawojta\" width=\"150\" height=\"150\" srcset=\"https:\/\/leckerekekse.de\/wordpress\/wp-content\/uploads\/2015\/02\/cakepopbakery-juliawojta1-150x150.jpg 150w, https:\/\/leckerekekse.de\/wordpress\/wp-content\/uploads\/2015\/02\/cakepopbakery-juliawojta1-144x144.jpg 144w\" sizes=\"auto, (max-width: 150px) 100vw, 150px\" \/><\/a><\/p>\n<p><a title=\"Cookies\" href=\"https:\/\/leckerekekse.de\/wordpress\/buchverlosung-cookies-von-cynthia-barcomi\/\" target=\"_blank\" rel=\"noopener\"><img loading=\"lazy\" decoding=\"async\" class=\"alignleft wp-image-2106 size-thumbnail\" src=\"https:\/\/leckerekekse.de\/wordpress\/wp-content\/uploads\/2015\/03\/Sch-Sch_Random_House_Cookies_Cover-150x150.jpg\" alt=\"Cookies Cynthia Barcomi leckerekekse-blog\" width=\"150\" height=\"150\" srcset=\"https:\/\/leckerekekse.de\/wordpress\/wp-content\/uploads\/2015\/03\/Sch-Sch_Random_House_Cookies_Cover-150x150.jpg 150w, https:\/\/leckerekekse.de\/wordpress\/wp-content\/uploads\/2015\/03\/Sch-Sch_Random_House_Cookies_Cover-144x144.jpg 144w\" sizes=\"auto, (max-width: 150px) 100vw, 150px\" \/><\/a><a href=\"https:\/\/leckerekekse.de\/wordpress\/zauberhafte-backideen-backen-verpacken-gluecklich-machen\/\" target=\"_blank\" rel=\"noopener\"><img loading=\"lazy\" decoding=\"async\" class=\"alignleft wp-image-1554 size-thumbnail\" src=\"https:\/\/leckerekekse.de\/wordpress\/wp-content\/uploads\/2015\/01\/AuroraZauberhafte_Backideen_149996-150x150.jpg\" alt=\"Zauberhafte Backideen von\" width=\"150\" height=\"150\" srcset=\"https:\/\/leckerekekse.de\/wordpress\/wp-content\/uploads\/2015\/01\/AuroraZauberhafte_Backideen_149996-150x150.jpg 150w, https:\/\/leckerekekse.de\/wordpress\/wp-content\/uploads\/2015\/01\/AuroraZauberhafte_Backideen_149996-144x144.jpg 144w\" sizes=\"auto, (max-width: 150px) 100vw, 150px\" \/><\/a><a href=\"https:\/\/leckerekekse.de\/wordpress\/back-minis-suess-pikant\/\" target=\"_blank\" rel=\"noopener\"><img loading=\"lazy\" decoding=\"async\" class=\"alignleft size-thumbnail wp-image-2556\" src=\"https:\/\/leckerekekse.de\/wordpress\/wp-content\/uploads\/2015\/04\/9783835413405-150x150.jpg\" alt=\"back-minis\" width=\"150\" height=\"150\" srcset=\"https:\/\/leckerekekse.de\/wordpress\/wp-content\/uploads\/2015\/04\/9783835413405-150x150.jpg 150w, https:\/\/leckerekekse.de\/wordpress\/wp-content\/uploads\/2015\/04\/9783835413405-144x144.jpg 144w\" sizes=\"auto, (max-width: 150px) 100vw, 150px\" \/><\/a><a href=\"https:\/\/leckerekekse.de\/wordpress\/mug-cakes-5-minuten-kuchen\/\" target=\"_blank\" rel=\"noopener\"><img loading=\"lazy\" decoding=\"async\" class=\"alignleft size-thumbnail wp-image-2390\" src=\"https:\/\/leckerekekse.de\/wordpress\/wp-content\/uploads\/2015\/04\/Buch-Mug-cakes-150x150.jpg\" alt=\"mug-cake leckerekekse-blog\" width=\"150\" height=\"150\" srcset=\"https:\/\/leckerekekse.de\/wordpress\/wp-content\/uploads\/2015\/04\/Buch-Mug-cakes-150x150.jpg 150w, https:\/\/leckerekekse.de\/wordpress\/wp-content\/uploads\/2015\/04\/Buch-Mug-cakes-144x144.jpg 144w\" sizes=\"auto, (max-width: 150px) 100vw, 150px\" \/><\/a><a href=\"https:\/\/leckerekekse.de\/wordpress\/regine-stroner-klein-geht-auch\/\" target=\"_blank\" rel=\"noopener\"><img loading=\"lazy\" decoding=\"async\" class=\"alignleft size-thumbnail wp-image-2802\" src=\"https:\/\/leckerekekse.de\/wordpress\/wp-content\/uploads\/2015\/05\/9783440141175-150x150.jpg\" alt=\"Klein geht auch Regine stroner leckerekekse-blog\" width=\"150\" height=\"150\" srcset=\"https:\/\/leckerekekse.de\/wordpress\/wp-content\/uploads\/2015\/05\/9783440141175-150x150.jpg 150w, https:\/\/leckerekekse.de\/wordpress\/wp-content\/uploads\/2015\/05\/9783440141175-144x144.jpg 144w\" sizes=\"auto, (max-width: 150px) 100vw, 150px\" \/><\/a><a href=\"https:\/\/leckerekekse.de\/wordpress\/hueftgold\/\" target=\"_blank\" rel=\"noopener\"><img loading=\"lazy\" decoding=\"async\" class=\"alignleft size-thumbnail wp-image-2770\" src=\"https:\/\/leckerekekse.de\/wordpress\/wp-content\/uploads\/2015\/05\/9783835413139-150x150.jpg\" alt=\"hueftgold-backbuch\" width=\"150\" height=\"150\" srcset=\"https:\/\/leckerekekse.de\/wordpress\/wp-content\/uploads\/2015\/05\/9783835413139-150x150.jpg 150w, https:\/\/leckerekekse.de\/wordpress\/wp-content\/uploads\/2015\/05\/9783835413139-144x144.jpg 144w\" sizes=\"auto, (max-width: 150px) 100vw, 150px\" \/><\/a><a href=\"https:\/\/leckerekekse.de\/wordpress\/aurelie-bastian-macarons-und-tarteletts\/\" target=\"_blank\" rel=\"noopener\"><img loading=\"lazy\" decoding=\"async\" class=\"alignleft size-thumbnail wp-image-2720\" src=\"https:\/\/leckerekekse.de\/wordpress\/wp-content\/uploads\/2015\/05\/9783572081462_Cover-150x150.jpg\" alt=\"Macarons Aur\u00e9lia Bastian leckerekekse-blog\" width=\"150\" height=\"150\" srcset=\"https:\/\/leckerekekse.de\/wordpress\/wp-content\/uploads\/2015\/05\/9783572081462_Cover-150x150.jpg 150w, https:\/\/leckerekekse.de\/wordpress\/wp-content\/uploads\/2015\/05\/9783572081462_Cover-144x144.jpg 144w\" sizes=\"auto, (max-width: 150px) 100vw, 150px\" \/><\/a><a href=\"https:\/\/leckerekekse.de\/wordpress\/corinne-jausserand-mediterrane-sommerkueche\/\"><img loading=\"lazy\" decoding=\"async\" class=\"alignleft wp-image-3668 size-thumbnail\" src=\"https:\/\/leckerekekse.de\/wordpress\/wp-content\/uploads\/2015\/06\/Cover-Sommerkueche-150x150.jpg\" alt=\"Cover-Sommerkueche\" width=\"150\" height=\"150\" srcset=\"https:\/\/leckerekekse.de\/wordpress\/wp-content\/uploads\/2015\/06\/Cover-Sommerkueche-150x150.jpg 150w, https:\/\/leckerekekse.de\/wordpress\/wp-content\/uploads\/2015\/06\/Cover-Sommerkueche-144x144.jpg 144w, https:\/\/leckerekekse.de\/wordpress\/wp-content\/uploads\/2015\/06\/Cover-Sommerkueche-120x120.jpg 120w\" sizes=\"auto, (max-width: 150px) 100vw, 150px\" \/><\/a><a href=\"https:\/\/leckerekekse.de\/wordpress\/aurelie-bastian-macarons-und-tarteletts\/\" target=\"_blank\" rel=\"noopener\"><img loading=\"lazy\" decoding=\"async\" class=\"alignleft size-thumbnail wp-image-2751\" src=\"https:\/\/leckerekekse.de\/wordpress\/wp-content\/uploads\/2015\/05\/Tartes-und-tartelettes-150x150.jpg\" alt=\"Tartes-und-tartelettes\" width=\"150\" height=\"150\" srcset=\"https:\/\/leckerekekse.de\/wordpress\/wp-content\/uploads\/2015\/05\/Tartes-und-tartelettes-150x150.jpg 150w, https:\/\/leckerekekse.de\/wordpress\/wp-content\/uploads\/2015\/05\/Tartes-und-tartelettes-144x144.jpg 144w\" sizes=\"auto, (max-width: 150px) 100vw, 150px\" \/><\/a><a href=\"https:\/\/leckerekekse.de\/wordpress\/cookies-rezepte-fuer-ofenfrische-gluecksmomente\/\"><img loading=\"lazy\" decoding=\"async\" class=\"size-thumbnail wp-image-4378 alignleft\" src=\"https:\/\/leckerekekse.de\/wordpress\/wp-content\/uploads\/2015\/10\/Cookies-backen-3-150x150.jpg\" alt=\"Cookies backen\" width=\"150\" height=\"150\" srcset=\"https:\/\/leckerekekse.de\/wordpress\/wp-content\/uploads\/2015\/10\/Cookies-backen-3-150x150.jpg 150w, https:\/\/leckerekekse.de\/wordpress\/wp-content\/uploads\/2015\/10\/Cookies-backen-3-144x144.jpg 144w, https:\/\/leckerekekse.de\/wordpress\/wp-content\/uploads\/2015\/10\/Cookies-backen-3-120x120.jpg 120w\" sizes=\"auto, (max-width: 150px) 100vw, 150px\" \/><\/a><a href=\"https:\/\/leckerekekse.de\/wordpress\/cynthia-barcomi-cheesecakes-pies-tartes\/\" target=\"_blank\" rel=\"noopener\"><img loading=\"lazy\" decoding=\"async\" class=\"size-thumbnail wp-image-5853 alignleft\" src=\"https:\/\/leckerekekse.de\/wordpress\/wp-content\/uploads\/2016\/04\/Cynthia-barcomi-12-150x150.jpg\" alt=\"Cynthia-barcomi-12\" width=\"150\" height=\"150\" srcset=\"https:\/\/leckerekekse.de\/wordpress\/wp-content\/uploads\/2016\/04\/Cynthia-barcomi-12-150x150.jpg 150w, https:\/\/leckerekekse.de\/wordpress\/wp-content\/uploads\/2016\/04\/Cynthia-barcomi-12-144x144.jpg 144w, https:\/\/leckerekekse.de\/wordpress\/wp-content\/uploads\/2016\/04\/Cynthia-barcomi-12-120x120.jpg 120w\" sizes=\"auto, (max-width: 150px) 100vw, 150px\" \/><\/a><a href=\"https:\/\/leckerekekse.de\/wordpress\/monsieurmuffin-meine-kreative-kekswerkstatt\/\" target=\"_blank\" rel=\"attachment wp-att-5696 noopener\"><img loading=\"lazy\" decoding=\"async\" class=\"size-thumbnail wp-image-5696 alignleft\" src=\"https:\/\/leckerekekse.de\/wordpress\/wp-content\/uploads\/2016\/03\/Kekswerkstatt-9-150x150.jpg\" alt=\"Meine kreative Kekswerkstatt\" width=\"150\" height=\"150\" srcset=\"https:\/\/leckerekekse.de\/wordpress\/wp-content\/uploads\/2016\/03\/Kekswerkstatt-9-150x150.jpg 150w, https:\/\/leckerekekse.de\/wordpress\/wp-content\/uploads\/2016\/03\/Kekswerkstatt-9-144x144.jpg 144w, https:\/\/leckerekekse.de\/wordpress\/wp-content\/uploads\/2016\/03\/Kekswerkstatt-9-120x120.jpg 120w\" sizes=\"auto, (max-width: 150px) 100vw, 150px\" \/><\/a><a href=\"https:\/\/leckerekekse.de\/wordpress\/nachtisch-bitte\/\"><img loading=\"lazy\" decoding=\"async\" class=\"alignleft wp-image-7069 size-thumbnail\" src=\"https:\/\/leckerekekse.de\/wordpress\/wp-content\/uploads\/2016\/10\/nachtisch_bitte1-150x150.jpg\" alt=\"Nachtisch bitte, Sonja Riker, Cranberrie-Schnecken\" width=\"150\" height=\"150\" srcset=\"https:\/\/leckerekekse.de\/wordpress\/wp-content\/uploads\/2016\/10\/nachtisch_bitte1-150x150.jpg 150w, https:\/\/leckerekekse.de\/wordpress\/wp-content\/uploads\/2016\/10\/nachtisch_bitte1-144x144.jpg 144w, https:\/\/leckerekekse.de\/wordpress\/wp-content\/uploads\/2016\/10\/nachtisch_bitte1-120x120.jpg 120w\" sizes=\"auto, (max-width: 150px) 100vw, 150px\" \/><\/a><a href=\"https:\/\/leckerekekse.de\/wordpress\/bake-the-city\/\"><img loading=\"lazy\" decoding=\"async\" class=\"alignleft wp-image-7318 size-thumbnail\" src=\"https:\/\/leckerekekse.de\/wordpress\/wp-content\/uploads\/2016\/10\/Bake-in-the-City-9-150x150.jpg\" alt=\"Bake &amp; the City\" width=\"150\" height=\"150\" srcset=\"https:\/\/leckerekekse.de\/wordpress\/wp-content\/uploads\/2016\/10\/Bake-in-the-City-9-150x150.jpg 150w, https:\/\/leckerekekse.de\/wordpress\/wp-content\/uploads\/2016\/10\/Bake-in-the-City-9-144x144.jpg 144w, https:\/\/leckerekekse.de\/wordpress\/wp-content\/uploads\/2016\/10\/Bake-in-the-City-9-120x120.jpg 120w\" sizes=\"auto, (max-width: 150px) 100vw, 150px\" \/><\/a><a href=\"https:\/\/leckerekekse.de\/wordpress\/schnell-schneller-expresskekse\/\"><img loading=\"lazy\" decoding=\"async\" class=\"alignleft wp-image-7414 size-thumbnail\" src=\"https:\/\/leckerekekse.de\/wordpress\/wp-content\/uploads\/2016\/11\/Expresskekse7-150x150.jpg\" alt=\"Expresskekse GU Verlag\" width=\"150\" height=\"150\" srcset=\"https:\/\/leckerekekse.de\/wordpress\/wp-content\/uploads\/2016\/11\/Expresskekse7-150x150.jpg 150w, https:\/\/leckerekekse.de\/wordpress\/wp-content\/uploads\/2016\/11\/Expresskekse7-144x144.jpg 144w, https:\/\/leckerekekse.de\/wordpress\/wp-content\/uploads\/2016\/11\/Expresskekse7-120x120.jpg 120w\" sizes=\"auto, (max-width: 150px) 100vw, 150px\" \/><\/a><a href=\"https:\/\/leckerekekse.de\/wordpress\/rezension-franzoesisch-backen-von-aurelie-bastian\/\" target=\"_blank\" rel=\"noopener\"><img loading=\"lazy\" decoding=\"async\" class=\"alignleft wp-image-8912 size-thumbnail\" src=\"https:\/\/leckerekekse.de\/wordpress\/wp-content\/uploads\/2017\/04\/franz\u00f6sisch-backen-aurelie-bastian-150x150.jpg\" alt=\"Franz\u00f6sisch backen von Aurelie Bastian\" width=\"150\" height=\"150\" srcset=\"https:\/\/leckerekekse.de\/wordpress\/wp-content\/uploads\/2017\/04\/franz\u00f6sisch-backen-aurelie-bastian-150x150.jpg 150w, https:\/\/leckerekekse.de\/wordpress\/wp-content\/uploads\/2017\/04\/franz\u00f6sisch-backen-aurelie-bastian-144x144.jpg 144w, https:\/\/leckerekekse.de\/wordpress\/wp-content\/uploads\/2017\/04\/franz\u00f6sisch-backen-aurelie-bastian-120x120.jpg 120w\" sizes=\"auto, (max-width: 150px) 100vw, 150px\" \/><\/a><\/p>\n","protected":false},"excerpt":{"rendered":"<p>Backb\u00fccher, f\u00fcr euch getestet: \u00a0<\/p>\n","protected":false},"author":2,"featured_media":0,"parent":0,"menu_order":0,"comment_status":"closed","ping_status":"closed","template":"","meta":{"footnotes":""},"class_list":["post-8015","page","type-page","status-publish","hentry"],"yoast_head":"<!-- This site is optimized with the Yoast SEO plugin v27.3 - https:\/\/yoast.com\/product\/yoast-seo-wordpress\/ -->\n<title>Backb\u00fccher | Leckere Kekse &amp; mehr<\/title>\n<meta name=\"description\" content=\"Back- und Kochb\u00fccher, die wir bereits auf dem Blog vorgestellt haben. Unser Fokus liegt dabei auf B\u00fccher mit Keksrezepten.\" \/>\n<meta name=\"robots\" content=\"index, follow, max-snippet:-1, max-image-preview:large, max-video-preview:-1\" \/>\n<link rel=\"canonical\" href=\"https:\/\/leckerekekse.de\/wordpress\/backbuecher\/\" \/>\n<meta property=\"og:locale\" content=\"de_DE\" \/>\n<meta property=\"og:type\" content=\"article\" \/>\n<meta property=\"og:title\" content=\"Backb\u00fccher | Leckere Kekse &amp; mehr\" \/>\n<meta property=\"og:description\" content=\"Back- und Kochb\u00fccher, die wir bereits auf dem Blog vorgestellt haben. Unser Fokus liegt dabei auf B\u00fccher mit Keksrezepten.\" \/>\n<meta property=\"og:url\" content=\"https:\/\/leckerekekse.de\/wordpress\/backbuecher\/\" \/>\n<meta property=\"og:site_name\" content=\"Leckere Kekse &amp; mehr\" \/>\n<meta property=\"article:modified_time\" content=\"2017-10-24T18:30:47+00:00\" \/>\n<meta property=\"og:image\" content=\"https:\/\/leckerekekse.de\/wordpress\/wp-content\/uploads\/2014\/10\/Schnelle-Kekse-150x150.jpg\" \/>\n<script type=\"application\/ld+json\" class=\"yoast-schema-graph\">{\"@context\":\"https:\\\/\\\/schema.org\",\"@graph\":[{\"@type\":\"WebPage\",\"@id\":\"https:\\\/\\\/leckerekekse.de\\\/wordpress\\\/backbuecher\\\/\",\"url\":\"https:\\\/\\\/leckerekekse.de\\\/wordpress\\\/backbuecher\\\/\",\"name\":\"Backb\u00fccher | Leckere Kekse &amp; mehr\",\"isPartOf\":{\"@id\":\"https:\\\/\\\/leckerekekse.de\\\/wordpress\\\/#website\"},\"primaryImageOfPage\":{\"@id\":\"https:\\\/\\\/leckerekekse.de\\\/wordpress\\\/backbuecher\\\/#primaryimage\"},\"image\":{\"@id\":\"https:\\\/\\\/leckerekekse.de\\\/wordpress\\\/backbuecher\\\/#primaryimage\"},\"thumbnailUrl\":\"https:\\\/\\\/leckerekekse.de\\\/wordpress\\\/wp-content\\\/uploads\\\/2014\\\/10\\\/Schnelle-Kekse-150x150.jpg\",\"datePublished\":\"2017-02-02T15:53:32+00:00\",\"dateModified\":\"2017-10-24T18:30:47+00:00\",\"description\":\"Back- und Kochb\u00fccher, die wir bereits auf dem Blog vorgestellt haben. Unser Fokus liegt dabei auf B\u00fccher mit Keksrezepten.\",\"breadcrumb\":{\"@id\":\"https:\\\/\\\/leckerekekse.de\\\/wordpress\\\/backbuecher\\\/#breadcrumb\"},\"inLanguage\":\"de\",\"potentialAction\":[{\"@type\":\"ReadAction\",\"target\":[\"https:\\\/\\\/leckerekekse.de\\\/wordpress\\\/backbuecher\\\/\"]}]},{\"@type\":\"ImageObject\",\"inLanguage\":\"de\",\"@id\":\"https:\\\/\\\/leckerekekse.de\\\/wordpress\\\/backbuecher\\\/#primaryimage\",\"url\":\"https:\\\/\\\/leckerekekse.de\\\/wordpress\\\/wp-content\\\/uploads\\\/2014\\\/10\\\/Schnelle-Kekse-150x150.jpg\",\"contentUrl\":\"https:\\\/\\\/leckerekekse.de\\\/wordpress\\\/wp-content\\\/uploads\\\/2014\\\/10\\\/Schnelle-Kekse-150x150.jpg\"},{\"@type\":\"BreadcrumbList\",\"@id\":\"https:\\\/\\\/leckerekekse.de\\\/wordpress\\\/backbuecher\\\/#breadcrumb\",\"itemListElement\":[{\"@type\":\"ListItem\",\"position\":1,\"name\":\"Home\",\"item\":\"https:\\\/\\\/leckerekekse.de\\\/wordpress\\\/\"},{\"@type\":\"ListItem\",\"position\":2,\"name\":\"Backb\u00fccher\"}]},{\"@type\":\"WebSite\",\"@id\":\"https:\\\/\\\/leckerekekse.de\\\/wordpress\\\/#website\",\"url\":\"https:\\\/\\\/leckerekekse.de\\\/wordpress\\\/\",\"name\":\"Leckere Kekse &amp; mehr\",\"description\":\"Kekse backen, B\u00fccher lesen und mehr\",\"publisher\":{\"@id\":\"https:\\\/\\\/leckerekekse.de\\\/wordpress\\\/#\\\/schema\\\/person\\\/2810405561c2dd9a39e8b0d67212f802\"},\"potentialAction\":[{\"@type\":\"SearchAction\",\"target\":{\"@type\":\"EntryPoint\",\"urlTemplate\":\"https:\\\/\\\/leckerekekse.de\\\/wordpress\\\/?s={search_term_string}\"},\"query-input\":{\"@type\":\"PropertyValueSpecification\",\"valueRequired\":true,\"valueName\":\"search_term_string\"}}],\"inLanguage\":\"de\"},{\"@type\":[\"Person\",\"Organization\"],\"@id\":\"https:\\\/\\\/leckerekekse.de\\\/wordpress\\\/#\\\/schema\\\/person\\\/2810405561c2dd9a39e8b0d67212f802\",\"name\":\"Astrid\",\"logo\":{\"@id\":\"https:\\\/\\\/leckerekekse.de\\\/wordpress\\\/#\\\/schema\\\/person\\\/image\\\/\"},\"sameAs\":[\"https:\\\/\\\/leckerekekse.de\\\/wordpress\"]}]}<\/script>\n<!-- \/ Yoast SEO plugin. -->","yoast_head_json":{"title":"Backb\u00fccher | Leckere Kekse &amp; mehr","description":"Back- und Kochb\u00fccher, die wir bereits auf dem Blog vorgestellt haben. Unser Fokus liegt dabei auf B\u00fccher mit Keksrezepten.","robots":{"index":"index","follow":"follow","max-snippet":"max-snippet:-1","max-image-preview":"max-image-preview:large","max-video-preview":"max-video-preview:-1"},"canonical":"https:\/\/leckerekekse.de\/wordpress\/backbuecher\/","og_locale":"de_DE","og_type":"article","og_title":"Backb\u00fccher | Leckere Kekse &amp; mehr","og_description":"Back- und Kochb\u00fccher, die wir bereits auf dem Blog vorgestellt haben. Unser Fokus liegt dabei auf B\u00fccher mit Keksrezepten.","og_url":"https:\/\/leckerekekse.de\/wordpress\/backbuecher\/","og_site_name":"Leckere Kekse &amp; mehr","article_modified_time":"2017-10-24T18:30:47+00:00","og_image":[{"url":"https:\/\/leckerekekse.de\/wordpress\/wp-content\/uploads\/2014\/10\/Schnelle-Kekse-150x150.jpg","type":"","width":"","height":""}],"schema":{"@context":"https:\/\/schema.org","@graph":[{"@type":"WebPage","@id":"https:\/\/leckerekekse.de\/wordpress\/backbuecher\/","url":"https:\/\/leckerekekse.de\/wordpress\/backbuecher\/","name":"Backb\u00fccher | Leckere Kekse &amp; mehr","isPartOf":{"@id":"https:\/\/leckerekekse.de\/wordpress\/#website"},"primaryImageOfPage":{"@id":"https:\/\/leckerekekse.de\/wordpress\/backbuecher\/#primaryimage"},"image":{"@id":"https:\/\/leckerekekse.de\/wordpress\/backbuecher\/#primaryimage"},"thumbnailUrl":"https:\/\/leckerekekse.de\/wordpress\/wp-content\/uploads\/2014\/10\/Schnelle-Kekse-150x150.jpg","datePublished":"2017-02-02T15:53:32+00:00","dateModified":"2017-10-24T18:30:47+00:00","description":"Back- und Kochb\u00fccher, die wir bereits auf dem Blog vorgestellt haben. Unser Fokus liegt dabei auf B\u00fccher mit Keksrezepten.","breadcrumb":{"@id":"https:\/\/leckerekekse.de\/wordpress\/backbuecher\/#breadcrumb"},"inLanguage":"de","potentialAction":[{"@type":"ReadAction","target":["https:\/\/leckerekekse.de\/wordpress\/backbuecher\/"]}]},{"@type":"ImageObject","inLanguage":"de","@id":"https:\/\/leckerekekse.de\/wordpress\/backbuecher\/#primaryimage","url":"https:\/\/leckerekekse.de\/wordpress\/wp-content\/uploads\/2014\/10\/Schnelle-Kekse-150x150.jpg","contentUrl":"https:\/\/leckerekekse.de\/wordpress\/wp-content\/uploads\/2014\/10\/Schnelle-Kekse-150x150.jpg"},{"@type":"BreadcrumbList","@id":"https:\/\/leckerekekse.de\/wordpress\/backbuecher\/#breadcrumb","itemListElement":[{"@type":"ListItem","position":1,"name":"Home","item":"https:\/\/leckerekekse.de\/wordpress\/"},{"@type":"ListItem","position":2,"name":"Backb\u00fccher"}]},{"@type":"WebSite","@id":"https:\/\/leckerekekse.de\/wordpress\/#website","url":"https:\/\/leckerekekse.de\/wordpress\/","name":"Leckere Kekse &amp; mehr","description":"Kekse backen, B\u00fccher lesen und mehr","publisher":{"@id":"https:\/\/leckerekekse.de\/wordpress\/#\/schema\/person\/2810405561c2dd9a39e8b0d67212f802"},"potentialAction":[{"@type":"SearchAction","target":{"@type":"EntryPoint","urlTemplate":"https:\/\/leckerekekse.de\/wordpress\/?s={search_term_string}"},"query-input":{"@type":"PropertyValueSpecification","valueRequired":true,"valueName":"search_term_string"}}],"inLanguage":"de"},{"@type":["Person","Organization"],"@id":"https:\/\/leckerekekse.de\/wordpress\/#\/schema\/person\/2810405561c2dd9a39e8b0d67212f802","name":"Astrid","logo":{"@id":"https:\/\/leckerekekse.de\/wordpress\/#\/schema\/person\/image\/"},"sameAs":["https:\/\/leckerekekse.de\/wordpress"]}]}},"_links":{"self":[{"href":"https:\/\/leckerekekse.de\/wordpress\/wp-json\/wp\/v2\/pages\/8015","targetHints":{"allow":["GET"]}}],"collection":[{"href":"https:\/\/leckerekekse.de\/wordpress\/wp-json\/wp\/v2\/pages"}],"about":[{"href":"https:\/\/leckerekekse.de\/wordpress\/wp-json\/wp\/v2\/types\/page"}],"author":[{"embeddable":true,"href":"https:\/\/leckerekekse.de\/wordpress\/wp-json\/wp\/v2\/users\/2"}],"replies":[{"embeddable":true,"href":"https:\/\/leckerekekse.de\/wordpress\/wp-json\/wp\/v2\/comments?post=8015"}],"version-history":[{"count":3,"href":"https:\/\/leckerekekse.de\/wordpress\/wp-json\/wp\/v2\/pages\/8015\/revisions"}],"predecessor-version":[{"id":10180,"href":"https:\/\/leckerekekse.de\/wordpress\/wp-json\/wp\/v2\/pages\/8015\/revisions\/10180"}],"wp:attachment":[{"href":"https:\/\/leckerekekse.de\/wordpress\/wp-json\/wp\/v2\/media?parent=8015"}],"curies":[{"name":"wp","href":"https:\/\/api.w.org\/{rel}","templated":true}]}}