{"id":8276,"date":"2017-02-02T17:00:21","date_gmt":"2017-02-02T16:00:21","guid":{"rendered":"http:\/\/leckerekekse.de\/wordpress\/?page_id=8276"},"modified":"2017-02-02T17:17:25","modified_gmt":"2017-02-02T16:17:25","slug":"und-mehr","status":"publish","type":"page","link":"https:\/\/leckerekekse.de\/wordpress\/und-mehr\/","title":{"rendered":"und mehr"},"content":{"rendered":"<p>unter diesem Men\u00fcpunkt findet Ihr alles, was wir sonst noch so machen au\u00dfer Rezensionen und Keksen.<\/p>\n<p>Viel Spa\u00df beim St\u00f6bern.<\/p>\n","protected":false},"excerpt":{"rendered":"<p>unter diesem Men\u00fcpunkt findet Ihr alles, was wir sonst noch so machen au\u00dfer Rezensionen und Keksen. Viel Spa\u00df beim St\u00f6bern.<\/p>\n","protected":false},"author":1,"featured_media":0,"parent":0,"menu_order":0,"comment_status":"closed","ping_status":"closed","template":"","meta":{"footnotes":""},"class_list":["post-8276","page","type-page","status-publish","hentry"],"yoast_head":"<!-- This site is optimized with the Yoast SEO plugin v27.3 - https:\/\/yoast.com\/product\/yoast-seo-wordpress\/ -->\n<title>und mehr | Leckere Kekse &amp; mehr<\/title>\n<meta name=\"robots\" content=\"index, follow, max-snippet:-1, max-image-preview:large, max-video-preview:-1\" \/>\n<link rel=\"canonical\" href=\"https:\/\/leckerekekse.de\/wordpress\/und-mehr\/\" \/>\n<meta property=\"og:locale\" content=\"de_DE\" \/>\n<meta property=\"og:type\" content=\"article\" \/>\n<meta property=\"og:title\" content=\"und mehr | Leckere Kekse &amp; mehr\" \/>\n<meta property=\"og:description\" content=\"unter diesem Men\u00fcpunkt findet Ihr alles, was wir sonst noch so machen au\u00dfer Rezensionen und Keksen. Viel Spa\u00df beim St\u00f6bern.\" \/>\n<meta property=\"og:url\" content=\"https:\/\/leckerekekse.de\/wordpress\/und-mehr\/\" \/>\n<meta property=\"og:site_name\" content=\"Leckere Kekse &amp; mehr\" \/>\n<meta property=\"article:modified_time\" content=\"2017-02-02T16:17:25+00:00\" \/>\n<script type=\"application\/ld+json\" class=\"yoast-schema-graph\">{\"@context\":\"https:\\\/\\\/schema.org\",\"@graph\":[{\"@type\":\"WebPage\",\"@id\":\"https:\\\/\\\/leckerekekse.de\\\/wordpress\\\/und-mehr\\\/\",\"url\":\"https:\\\/\\\/leckerekekse.de\\\/wordpress\\\/und-mehr\\\/\",\"name\":\"und mehr | Leckere Kekse &amp; mehr\",\"isPartOf\":{\"@id\":\"https:\\\/\\\/leckerekekse.de\\\/wordpress\\\/#website\"},\"datePublished\":\"2017-02-02T16:00:21+00:00\",\"dateModified\":\"2017-02-02T16:17:25+00:00\",\"breadcrumb\":{\"@id\":\"https:\\\/\\\/leckerekekse.de\\\/wordpress\\\/und-mehr\\\/#breadcrumb\"},\"inLanguage\":\"de\",\"potentialAction\":[{\"@type\":\"ReadAction\",\"target\":[\"https:\\\/\\\/leckerekekse.de\\\/wordpress\\\/und-mehr\\\/\"]}]},{\"@type\":\"BreadcrumbList\",\"@id\":\"https:\\\/\\\/leckerekekse.de\\\/wordpress\\\/und-mehr\\\/#breadcrumb\",\"itemListElement\":[{\"@type\":\"ListItem\",\"position\":1,\"name\":\"Home\",\"item\":\"https:\\\/\\\/leckerekekse.de\\\/wordpress\\\/\"},{\"@type\":\"ListItem\",\"position\":2,\"name\":\"und mehr\"}]},{\"@type\":\"WebSite\",\"@id\":\"https:\\\/\\\/leckerekekse.de\\\/wordpress\\\/#website\",\"url\":\"https:\\\/\\\/leckerekekse.de\\\/wordpress\\\/\",\"name\":\"Leckere Kekse &amp; mehr\",\"description\":\"Kekse backen, B\u00fccher lesen und mehr\",\"publisher\":{\"@id\":\"https:\\\/\\\/leckerekekse.de\\\/wordpress\\\/#\\\/schema\\\/person\\\/6af440c9d4862749d61de24af8c492f0\"},\"potentialAction\":[{\"@type\":\"SearchAction\",\"target\":{\"@type\":\"EntryPoint\",\"urlTemplate\":\"https:\\\/\\\/leckerekekse.de\\\/wordpress\\\/?s={search_term_string}\"},\"query-input\":{\"@type\":\"PropertyValueSpecification\",\"valueRequired\":true,\"valueName\":\"search_term_string\"}}],\"inLanguage\":\"de\"},{\"@type\":[\"Person\",\"Organization\"],\"@id\":\"https:\\\/\\\/leckerekekse.de\\\/wordpress\\\/#\\\/schema\\\/person\\\/6af440c9d4862749d61de24af8c492f0\",\"name\":\"Astrid\",\"logo\":{\"@id\":\"https:\\\/\\\/leckerekekse.de\\\/wordpress\\\/#\\\/schema\\\/person\\\/image\\\/\"},\"sameAs\":[\"https:\\\/\\\/leckerekekse.de\\\/wordpress\"]}]}<\/script>\n<!-- \/ Yoast SEO plugin. -->","yoast_head_json":{"title":"und mehr | Leckere Kekse &amp; mehr","robots":{"index":"index","follow":"follow","max-snippet":"max-snippet:-1","max-image-preview":"max-image-preview:large","max-video-preview":"max-video-preview:-1"},"canonical":"https:\/\/leckerekekse.de\/wordpress\/und-mehr\/","og_locale":"de_DE","og_type":"article","og_title":"und mehr | Leckere Kekse &amp; mehr","og_description":"unter diesem Men\u00fcpunkt findet Ihr alles, was wir sonst noch so machen au\u00dfer Rezensionen und Keksen. Viel Spa\u00df beim St\u00f6bern.","og_url":"https:\/\/leckerekekse.de\/wordpress\/und-mehr\/","og_site_name":"Leckere Kekse &amp; mehr","article_modified_time":"2017-02-02T16:17:25+00:00","schema":{"@context":"https:\/\/schema.org","@graph":[{"@type":"WebPage","@id":"https:\/\/leckerekekse.de\/wordpress\/und-mehr\/","url":"https:\/\/leckerekekse.de\/wordpress\/und-mehr\/","name":"und mehr | Leckere Kekse &amp; mehr","isPartOf":{"@id":"https:\/\/leckerekekse.de\/wordpress\/#website"},"datePublished":"2017-02-02T16:00:21+00:00","dateModified":"2017-02-02T16:17:25+00:00","breadcrumb":{"@id":"https:\/\/leckerekekse.de\/wordpress\/und-mehr\/#breadcrumb"},"inLanguage":"de","potentialAction":[{"@type":"ReadAction","target":["https:\/\/leckerekekse.de\/wordpress\/und-mehr\/"]}]},{"@type":"BreadcrumbList","@id":"https:\/\/leckerekekse.de\/wordpress\/und-mehr\/#breadcrumb","itemListElement":[{"@type":"ListItem","position":1,"name":"Home","item":"https:\/\/leckerekekse.de\/wordpress\/"},{"@type":"ListItem","position":2,"name":"und mehr"}]},{"@type":"WebSite","@id":"https:\/\/leckerekekse.de\/wordpress\/#website","url":"https:\/\/leckerekekse.de\/wordpress\/","name":"Leckere Kekse &amp; mehr","description":"Kekse backen, B\u00fccher lesen und mehr","publisher":{"@id":"https:\/\/leckerekekse.de\/wordpress\/#\/schema\/person\/6af440c9d4862749d61de24af8c492f0"},"potentialAction":[{"@type":"SearchAction","target":{"@type":"EntryPoint","urlTemplate":"https:\/\/leckerekekse.de\/wordpress\/?s={search_term_string}"},"query-input":{"@type":"PropertyValueSpecification","valueRequired":true,"valueName":"search_term_string"}}],"inLanguage":"de"},{"@type":["Person","Organization"],"@id":"https:\/\/leckerekekse.de\/wordpress\/#\/schema\/person\/6af440c9d4862749d61de24af8c492f0","name":"Astrid","logo":{"@id":"https:\/\/leckerekekse.de\/wordpress\/#\/schema\/person\/image\/"},"sameAs":["https:\/\/leckerekekse.de\/wordpress"]}]}},"_links":{"self":[{"href":"https:\/\/leckerekekse.de\/wordpress\/wp-json\/wp\/v2\/pages\/8276","targetHints":{"allow":["GET"]}}],"collection":[{"href":"https:\/\/leckerekekse.de\/wordpress\/wp-json\/wp\/v2\/pages"}],"about":[{"href":"https:\/\/leckerekekse.de\/wordpress\/wp-json\/wp\/v2\/types\/page"}],"author":[{"embeddable":true,"href":"https:\/\/leckerekekse.de\/wordpress\/wp-json\/wp\/v2\/users\/1"}],"replies":[{"embeddable":true,"href":"https:\/\/leckerekekse.de\/wordpress\/wp-json\/wp\/v2\/comments?post=8276"}],"version-history":[{"count":2,"href":"https:\/\/leckerekekse.de\/wordpress\/wp-json\/wp\/v2\/pages\/8276\/revisions"}],"predecessor-version":[{"id":8285,"href":"https:\/\/leckerekekse.de\/wordpress\/wp-json\/wp\/v2\/pages\/8276\/revisions\/8285"}],"wp:attachment":[{"href":"https:\/\/leckerekekse.de\/wordpress\/wp-json\/wp\/v2\/media?parent=8276"}],"curies":[{"name":"wp","href":"https:\/\/api.w.org\/{rel}","templated":true}]}}